{"id":49,"date":"2021-08-01T17:40:44","date_gmt":"2021-08-01T17:40:44","guid":{"rendered":"https:\/\/artvagabond.ca\/photos\/"},"modified":"2021-09-01T14:07:43","modified_gmt":"2021-09-01T18:07:43","slug":"recent","status":"publish","type":"page","link":"https:\/\/artvagabond.ca\/fr\/","title":{"rendered":"Oeuvres r\u00e9centes"},"content":{"rendered":"<p class=\"has-text-align-center has-theme-black-color has-text-color\" style=\"font-size:clamp(14px, 0.875rem + ((1vw - 3.2px) * 0.341), 17px);\"><strong>Art Vagabond est un r\u00e9seau social permettant aux membres d\u2019afficher leurs oeuvres artistiques. La diversit\u00e9 des types d\u2019arts, des m\u00e9diums et des styles y est encourag\u00e9e: <\/strong><\/p>\n\n\n\n<p class=\"has-text-align-center has-text-color\" style=\"color:#1493ca;font-size:clamp(14px, 0.875rem + ((1vw - 3.2px) * 0.341), 17px);\"><strong>Peinture, dessin, photo, musique, cin\u00e9ma, th\u00e9\u00e2tre, sculpture, danse, litt\u00e9rature et plus encore!<\/strong><\/p>\n\n\n\n<p class=\"has-text-align-center has-theme-black-color has-text-color\" style=\"font-size:clamp(14px, 0.875rem + ((1vw - 3.2px) * 0.341), 17px);\">Il n\u2019y a ni comit\u00e9, ni juge, ni audition. Seulement l\u2019art!<\/p>","protected":false},"excerpt":{"rendered":"<p>Art Vagabond is a social network in which participants can display their artistic works. Diversity of art types, mediums and styles is encouraged: Painting, drawing, photo, music, cinema, theatre, sculpture, dance, literature and more! There is no committee, no audition, no judge. Only art.<\/p>","protected":false},"author":1,"featured_media":0,"parent":0,"menu_order":0,"comment_status":"closed","ping_status":"closed","template":"page-templates\/full-width-container.php","meta":{"pmpro_default_level":"","footnotes":""},"class_list":["post-49","page","type-page","status-publish","hentry","pmpro-has-access"],"_links":{"self":[{"href":"https:\/\/artvagabond.ca\/fr\/wp-json\/wp\/v2\/pages\/49","targetHints":{"allow":["GET"]}}],"collection":[{"href":"https:\/\/artvagabond.ca\/fr\/wp-json\/wp\/v2\/pages"}],"about":[{"href":"https:\/\/artvagabond.ca\/fr\/wp-json\/wp\/v2\/types\/page"}],"author":[{"embeddable":true,"href":"https:\/\/artvagabond.ca\/fr\/wp-json\/wp\/v2\/users\/1"}],"replies":[{"embeddable":true,"href":"https:\/\/artvagabond.ca\/fr\/wp-json\/wp\/v2\/comments?post=49"}],"version-history":[{"count":22,"href":"https:\/\/artvagabond.ca\/fr\/wp-json\/wp\/v2\/pages\/49\/revisions"}],"predecessor-version":[{"id":1042,"href":"https:\/\/artvagabond.ca\/fr\/wp-json\/wp\/v2\/pages\/49\/revisions\/1042"}],"wp:attachment":[{"href":"https:\/\/artvagabond.ca\/fr\/wp-json\/wp\/v2\/media?parent=49"}],"curies":[{"name":"wp","href":"https:\/\/api.w.org\/{rel}","templated":true}]}}